{"id":7674,"date":"2025-10-22T08:38:40","date_gmt":"2025-10-22T05:38:40","guid":{"rendered":"https:\/\/israel-nature-site.com\/?page_id=7674"},"modified":"2025-12-17T07:43:13","modified_gmt":"2025-12-17T05:43:13","slug":"%d7%9e%d7%a9%d7%a4%d7%97%d7%aa-%d7%94%d7%9e%d7%aa%d7%a0%d7%9e%d7%9c%d7%99%d7%aa%d7%99%d7%99%d7%9d-anthicidae","status":"publish","type":"page","link":"https:\/\/israel-nature-site.com\/?page_id=7674","title":{"rendered":"\u05de\u05e9\u05e4\u05d7\u05ea \u05d4\u05de\u05ea\u05e0\u05de\u05dc\u05d9\u05ea\u05d9\u05d9\u05dd &#8211; Anthicidae"},"content":{"rendered":"<p><b><i>Anthelephila <\/i>aff. <em>pedestris<\/em><\/b><\/p>\n<p>\u05e6\u05d5\u05dc\u05dd \u05d1\u05d4\u05e8\u05d9 \u05d9\u05e8\u05d5\u05e9\u05dc\u05d9\u05dd \u05d1\u05d9\u05d5\u05dc\u05d9 2025,<\/p>\n<p><a href=\"http:\/\/israel-nature-site.com\/wp-content\/uploads\/2025\/07\/Hirticomus-hispidus.jpg\"><img loading=\"lazy\" class=\"size-medium wp-image-7331 alignnone\" src=\"http:\/\/israel-nature-site.com\/wp-content\/uploads\/2025\/07\/Hirticomus-hispidus-390x260.jpg\" alt=\"\" width=\"390\" height=\"260\" srcset=\"https:\/\/israel-nature-site.com\/wp-content\/uploads\/2025\/07\/Hirticomus-hispidus-390x260.jpg 390w, https:\/\/israel-nature-site.com\/wp-content\/uploads\/2025\/07\/Hirticomus-hispidus-768x512.jpg 768w, https:\/\/israel-nature-site.com\/wp-content\/uploads\/2025\/07\/Hirticomus-hispidus-624x416.jpg 624w, https:\/\/israel-nature-site.com\/wp-content\/uploads\/2025\/07\/Hirticomus-hispidus.jpg 842w\" sizes=\"(max-width: 390px) 100vw, 390px\" \/><\/a><\/p>\n<p><strong><em>Anthelephila ionica<\/em> La Ferte-Senectere, 1849<\/strong><\/p>\n<p><a href=\"http:\/\/israel-nature-site.com\/wp-content\/uploads\/2025\/10\/Anthelephila-ionica-1.jpg\"><img loading=\"lazy\" class=\"size-medium wp-image-7599 alignnone\" src=\"http:\/\/israel-nature-site.com\/wp-content\/uploads\/2025\/10\/Anthelephila-ionica-1-390x260.jpg\" alt=\"\" width=\"390\" height=\"260\" srcset=\"https:\/\/israel-nature-site.com\/wp-content\/uploads\/2025\/10\/Anthelephila-ionica-1-390x260.jpg 390w, https:\/\/israel-nature-site.com\/wp-content\/uploads\/2025\/10\/Anthelephila-ionica-1-768x513.jpg 768w, https:\/\/israel-nature-site.com\/wp-content\/uploads\/2025\/10\/Anthelephila-ionica-1-624x417.jpg 624w, https:\/\/israel-nature-site.com\/wp-content\/uploads\/2025\/10\/Anthelephila-ionica-1.jpg 770w\" sizes=\"(max-width: 390px) 100vw, 390px\" \/><\/a> <a href=\"http:\/\/israel-nature-site.com\/wp-content\/uploads\/2025\/10\/Anthelephila-ionica-2.jpg\"><img loading=\"lazy\" class=\"size-medium wp-image-7600 alignnone\" src=\"http:\/\/israel-nature-site.com\/wp-content\/uploads\/2025\/10\/Anthelephila-ionica-2-390x260.jpg\" alt=\"\" width=\"390\" height=\"260\" srcset=\"https:\/\/israel-nature-site.com\/wp-content\/uploads\/2025\/10\/Anthelephila-ionica-2-390x260.jpg 390w, https:\/\/israel-nature-site.com\/wp-content\/uploads\/2025\/10\/Anthelephila-ionica-2-624x416.jpg 624w, https:\/\/israel-nature-site.com\/wp-content\/uploads\/2025\/10\/Anthelephila-ionica-2.jpg 750w\" sizes=\"(max-width: 390px) 100vw, 390px\" \/><\/a><\/p>\n<p><strong><em>Anthicus crinitus<\/em> La Fert\u00e9-S\u00e9nect\u00e8re, 1849<\/strong><\/p>\n<p><a href=\"http:\/\/israel-nature-site.com\/wp-content\/uploads\/2025\/10\/Anthicus-crinitus.jpg\"><img loading=\"lazy\" class=\"size-medium wp-image-7593 alignnone\" src=\"http:\/\/israel-nature-site.com\/wp-content\/uploads\/2025\/10\/Anthicus-crinitus-390x260.jpg\" alt=\"\" width=\"390\" height=\"260\" srcset=\"https:\/\/israel-nature-site.com\/wp-content\/uploads\/2025\/10\/Anthicus-crinitus-390x260.jpg 390w, https:\/\/israel-nature-site.com\/wp-content\/uploads\/2025\/10\/Anthicus-crinitus-768x512.jpg 768w, https:\/\/israel-nature-site.com\/wp-content\/uploads\/2025\/10\/Anthicus-crinitus-624x416.jpg 624w, https:\/\/israel-nature-site.com\/wp-content\/uploads\/2025\/10\/Anthicus-crinitus.jpg 840w\" sizes=\"(max-width: 390px) 100vw, 390px\" \/><\/a><\/p>\n<p><strong><em>Omonadus formicarius<\/em> (Goeze, 1777)<\/strong><\/p>\n<p>\u05e6\u05d5\u05dc\u05dd \u05d1\u05ea\u05dc-\u05d7\u05d3\u05d9\u05d3<\/p>\n<p><a href=\"http:\/\/israel-nature-site.com\/wp-content\/uploads\/2025\/11\/Omonadus-formicarius.jpg\"><img loading=\"lazy\" class=\"size-medium wp-image-7781 alignnone\" src=\"http:\/\/israel-nature-site.com\/wp-content\/uploads\/2025\/11\/Omonadus-formicarius-390x260.jpg\" alt=\"\" width=\"390\" height=\"260\" srcset=\"https:\/\/israel-nature-site.com\/wp-content\/uploads\/2025\/11\/Omonadus-formicarius-390x260.jpg 390w, https:\/\/israel-nature-site.com\/wp-content\/uploads\/2025\/11\/Omonadus-formicarius-768x513.jpg 768w, https:\/\/israel-nature-site.com\/wp-content\/uploads\/2025\/11\/Omonadus-formicarius-624x417.jpg 624w, https:\/\/israel-nature-site.com\/wp-content\/uploads\/2025\/11\/Omonadus-formicarius.jpg 800w\" sizes=\"(max-width: 390px) 100vw, 390px\" \/><\/a><\/p>\n<p><strong><em>Omonadus sp<\/em><\/strong><\/p>\n<p><a href=\"http:\/\/israel-nature-site.com\/wp-content\/uploads\/2025\/10\/Omonadus-bifasciatus.jpg\"><img loading=\"lazy\" class=\"size-medium wp-image-7629 alignnone\" src=\"http:\/\/israel-nature-site.com\/wp-content\/uploads\/2025\/10\/Omonadus-bifasciatus-390x260.jpg\" alt=\"\" width=\"390\" height=\"260\" srcset=\"https:\/\/israel-nature-site.com\/wp-content\/uploads\/2025\/10\/Omonadus-bifasciatus-390x260.jpg 390w, https:\/\/israel-nature-site.com\/wp-content\/uploads\/2025\/10\/Omonadus-bifasciatus-1024x683.jpg 1024w, https:\/\/israel-nature-site.com\/wp-content\/uploads\/2025\/10\/Omonadus-bifasciatus-768x512.jpg 768w, https:\/\/israel-nature-site.com\/wp-content\/uploads\/2025\/10\/Omonadus-bifasciatus-624x416.jpg 624w, https:\/\/israel-nature-site.com\/wp-content\/uploads\/2025\/10\/Omonadus-bifasciatus.jpg 1160w\" sizes=\"(max-width: 390px) 100vw, 390px\" \/><\/a><\/p>\n<p><strong><em>Stricticomus tobias<\/em> (Marseul, 1879)<\/strong><\/p>\n<p><a href=\"http:\/\/israel-nature-site.com\/wp-content\/uploads\/2025\/11\/Stricticomus-tobias.jpg\"><img loading=\"lazy\" class=\"size-medium wp-image-7822 alignnone\" src=\"http:\/\/israel-nature-site.com\/wp-content\/uploads\/2025\/11\/Stricticomus-tobias-390x260.jpg\" alt=\"\" width=\"390\" height=\"260\" srcset=\"https:\/\/israel-nature-site.com\/wp-content\/uploads\/2025\/11\/Stricticomus-tobias-390x260.jpg 390w, https:\/\/israel-nature-site.com\/wp-content\/uploads\/2025\/11\/Stricticomus-tobias-768x512.jpg 768w, https:\/\/israel-nature-site.com\/wp-content\/uploads\/2025\/11\/Stricticomus-tobias-624x416.jpg 624w, https:\/\/israel-nature-site.com\/wp-content\/uploads\/2025\/11\/Stricticomus-tobias.jpg 840w\" sizes=\"(max-width: 390px) 100vw, 390px\" \/><\/a><\/p>\n<p><strong><em>Notoxus appendicinus<\/em> Desbrochers, 1874<\/strong><\/p>\n<p>\u05de\u05dc\u05db\u05d5\u05d3\u05ea \u05d0\u05d5\u05e8, \u05e0\u05d7\u05dc \u05e9\u05e0\u05d9\u05e8, \u05d0\u05d5\u05e7\u05d8\u05d5\u05d1\u05e8 2025<\/p>\n<p><a href=\"http:\/\/israel-nature-site.com\/wp-content\/uploads\/2025\/10\/Notoxus-appendicinus-1.jpg\"><img loading=\"lazy\" class=\"size-medium wp-image-7585 alignnone\" src=\"http:\/\/israel-nature-site.com\/wp-content\/uploads\/2025\/10\/Notoxus-appendicinus-1-390x260.jpg\" alt=\"\" width=\"390\" height=\"260\" srcset=\"https:\/\/israel-nature-site.com\/wp-content\/uploads\/2025\/10\/Notoxus-appendicinus-1-390x260.jpg 390w, https:\/\/israel-nature-site.com\/wp-content\/uploads\/2025\/10\/Notoxus-appendicinus-1-624x416.jpg 624w, https:\/\/israel-nature-site.com\/wp-content\/uploads\/2025\/10\/Notoxus-appendicinus-1.jpg 680w\" sizes=\"(max-width: 390px) 100vw, 390px\" \/><\/a> <a href=\"http:\/\/israel-nature-site.com\/wp-content\/uploads\/2025\/10\/Notoxus-appendicinus-2.jpg\"><img loading=\"lazy\" class=\"size-medium wp-image-7586 alignnone\" src=\"http:\/\/israel-nature-site.com\/wp-content\/uploads\/2025\/10\/Notoxus-appendicinus-2-390x260.jpg\" alt=\"\" width=\"390\" height=\"260\" srcset=\"https:\/\/israel-nature-site.com\/wp-content\/uploads\/2025\/10\/Notoxus-appendicinus-2-390x260.jpg 390w, https:\/\/israel-nature-site.com\/wp-content\/uploads\/2025\/10\/Notoxus-appendicinus-2-624x416.jpg 624w, https:\/\/israel-nature-site.com\/wp-content\/uploads\/2025\/10\/Notoxus-appendicinus-2.jpg 700w\" sizes=\"(max-width: 390px) 100vw, 390px\" \/><\/a><\/p>\n","protected":false},"excerpt":{"rendered":"<p>Anthelephila aff. pedestris \u05e6\u05d5\u05dc\u05dd \u05d1\u05d4\u05e8\u05d9 \u05d9\u05e8\u05d5\u05e9\u05dc\u05d9\u05dd \u05d1\u05d9\u05d5\u05dc\u05d9 2025, Anthelephila ionica La Ferte-Senectere, 1849 Anthicus crinitus La Fert\u00e9-S\u00e9nect\u00e8re, 1849 Omonadus formicarius (Goeze, 1777) \u05e6\u05d5\u05dc\u05dd \u05d1\u05ea\u05dc-\u05d7\u05d3\u05d9\u05d3 Omonadus sp Stricticomus tobias (Marseul, 1879) Notoxus appendicinus Desbrochers, 1874 \u05de\u05dc\u05db\u05d5\u05d3\u05ea \u05d0\u05d5\u05e8, \u05e0\u05d7\u05dc \u05e9\u05e0\u05d9\u05e8, \u05d0\u05d5\u05e7\u05d8\u05d5\u05d1\u05e8 2025<\/p>\n","protected":false},"author":2,"featured_media":0,"parent":0,"menu_order":0,"comment_status":"closed","ping_status":"closed","template":"","meta":[],"_links":{"self":[{"href":"https:\/\/israel-nature-site.com\/index.php?rest_route=\/wp\/v2\/pages\/7674"}],"collection":[{"href":"https:\/\/israel-nature-site.com\/index.php?rest_route=\/wp\/v2\/pages"}],"about":[{"href":"https:\/\/israel-nature-site.com\/index.php?rest_route=\/wp\/v2\/types\/page"}],"author":[{"embeddable":true,"href":"https:\/\/israel-nature-site.com\/index.php?rest_route=\/wp\/v2\/users\/2"}],"replies":[{"embeddable":true,"href":"https:\/\/israel-nature-site.com\/index.php?rest_route=%2Fwp%2Fv2%2Fcomments&post=7674"}],"version-history":[{"count":9,"href":"https:\/\/israel-nature-site.com\/index.php?rest_route=\/wp\/v2\/pages\/7674\/revisions"}],"predecessor-version":[{"id":7904,"href":"https:\/\/israel-nature-site.com\/index.php?rest_route=\/wp\/v2\/pages\/7674\/revisions\/7904"}],"wp:attachment":[{"href":"https:\/\/israel-nature-site.com\/index.php?rest_route=%2Fwp%2Fv2%2Fmedia&parent=7674"}],"curies":[{"name":"wp","href":"https:\/\/api.w.org\/{rel}","templated":true}]}}